{"id":17886,"date":"2016-02-29T14:38:56","date_gmt":"2016-02-29T14:38:56","guid":{"rendered":"http:\/\/stage.wpresidence.net\/?page_id=17886"},"modified":"2025-06-03T11:27:44","modified_gmt":"2025-06-03T09:27:44","slug":"louer","status":"publish","type":"page","link":"https:\/\/transac-gestion.com\/index.php\/louer\/","title":{"rendered":"Propri\u00e9t\u00e9s \u00e0 Louer"},"content":{"rendered":"\t\t<div data-elementor-type=\"wp-page\" data-elementor-id=\"17886\" class=\"elementor elementor-17886\">\n\t\t\t\t<div class=\"elementor-element elementor-element-54b4a3ee e-flex e-con-boxed e-con e-parent\" data-id=\"54b4a3ee\" data-element_type=\"container\" data-settings=\"{&quot;background_background&quot;:&quot;classic&quot;}\">\n\t\t\t\t\t<div class=\"e-con-inner\">\n\t\t\t\t<div class=\"elementor-element elementor-element-f00f213 elementor-widget-divider--view-line elementor-widget elementor-widget-divider\" data-id=\"f00f213\" data-element_type=\"widget\" data-widget_type=\"divider.default\">\n\t\t\t\t<div class=\"elementor-widget-container\">\n\t\t\t\t\t\t\t<div class=\"elementor-divider\">\n\t\t\t<span class=\"elementor-divider-separator\">\n\t\t\t\t\t\t<\/span>\n\t\t<\/div>\n\t\t\t\t\t\t<\/div>\n\t\t\t\t<\/div>\n\t\t\t\t\t<\/div>\n\t\t\t\t<\/div>\n\t\t\t\t<\/div>\n\t\t","protected":false},"excerpt":{"rendered":"","protected":false},"author":1,"featured_media":0,"parent":0,"menu_order":0,"comment_status":"closed","ping_status":"closed","template":"page-templates\/property_list.php","meta":{"inline_featured_image":false,"_monsterinsights_skip_tracking":false,"_monsterinsights_sitenote_active":false,"_monsterinsights_sitenote_note":"","_monsterinsights_sitenote_category":0,"footnotes":""},"class_list":["post-17886","page","type-page","status-publish","hentry"],"aioseo_notices":[],"_links":{"self":[{"href":"https:\/\/transac-gestion.com\/index.php\/wp-json\/wp\/v2\/pages\/17886","targetHints":{"allow":["GET"]}}],"collection":[{"href":"https:\/\/transac-gestion.com\/index.php\/wp-json\/wp\/v2\/pages"}],"about":[{"href":"https:\/\/transac-gestion.com\/index.php\/wp-json\/wp\/v2\/types\/page"}],"author":[{"embeddable":true,"href":"https:\/\/transac-gestion.com\/index.php\/wp-json\/wp\/v2\/users\/1"}],"replies":[{"embeddable":true,"href":"https:\/\/transac-gestion.com\/index.php\/wp-json\/wp\/v2\/comments?post=17886"}],"version-history":[{"count":17,"href":"https:\/\/transac-gestion.com\/index.php\/wp-json\/wp\/v2\/pages\/17886\/revisions"}],"predecessor-version":[{"id":20190,"href":"https:\/\/transac-gestion.com\/index.php\/wp-json\/wp\/v2\/pages\/17886\/revisions\/20190"}],"wp:attachment":[{"href":"https:\/\/transac-gestion.com\/index.php\/wp-json\/wp\/v2\/media?parent=17886"}],"curies":[{"name":"wp","href":"https:\/\/api.w.org\/{rel}","templated":true}]}}