{"id":93,"date":"2014-05-26T15:15:20","date_gmt":"2014-05-26T15:15:20","guid":{"rendered":"http:\/\/wpresidence.net\/?page_id=93"},"modified":"2025-06-03T16:08:09","modified_gmt":"2025-06-03T14:08:09","slug":"acheter","status":"publish","type":"page","link":"https:\/\/transac-gestion.com\/index.php\/acheter\/","title":{"rendered":"Propri\u00e9t\u00e9s \u00e0 Vendre"},"content":{"rendered":"","protected":false},"excerpt":{"rendered":"","protected":false},"author":1,"featured_media":0,"parent":0,"menu_order":0,"comment_status":"closed","ping_status":"closed","template":"page-templates\/property_list.php","meta":{"inline_featured_image":false,"_monsterinsights_skip_tracking":false,"_monsterinsights_sitenote_active":false,"_monsterinsights_sitenote_note":"","_monsterinsights_sitenote_category":0,"footnotes":""},"class_list":["post-93","page","type-page","status-publish","hentry"],"aioseo_notices":[],"_links":{"self":[{"href":"https:\/\/transac-gestion.com\/index.php\/wp-json\/wp\/v2\/pages\/93","targetHints":{"allow":["GET"]}}],"collection":[{"href":"https:\/\/transac-gestion.com\/index.php\/wp-json\/wp\/v2\/pages"}],"about":[{"href":"https:\/\/transac-gestion.com\/index.php\/wp-json\/wp\/v2\/types\/page"}],"author":[{"embeddable":true,"href":"https:\/\/transac-gestion.com\/index.php\/wp-json\/wp\/v2\/users\/1"}],"replies":[{"embeddable":true,"href":"https:\/\/transac-gestion.com\/index.php\/wp-json\/wp\/v2\/comments?post=93"}],"version-history":[{"count":11,"href":"https:\/\/transac-gestion.com\/index.php\/wp-json\/wp\/v2\/pages\/93\/revisions"}],"predecessor-version":[{"id":20186,"href":"https:\/\/transac-gestion.com\/index.php\/wp-json\/wp\/v2\/pages\/93\/revisions\/20186"}],"wp:attachment":[{"href":"https:\/\/transac-gestion.com\/index.php\/wp-json\/wp\/v2\/media?parent=93"}],"curies":[{"name":"wp","href":"https:\/\/api.w.org\/{rel}","templated":true}]}}